{"id":233,"date":"2017-02-14T10:05:49","date_gmt":"2017-02-14T10:05:49","guid":{"rendered":"https:\/\/www.minicamping-duinvliet.nl\/?page_id=233\/"},"modified":"2026-04-01T08:39:43","modified_gmt":"2026-04-01T08:39:43","slug":"kosten","status":"publish","type":"page","link":"https:\/\/www.minicamping-duinvliet.nl\/de\/kosten\/","title":{"rendered":"Kosten"},"content":{"rendered":"<div class=\" swc_p_0\"><div class=\"swc_grid_row \" style=\"margin-bottom: 20px; overflow-y: visible;\" data-grid_data=\"{&quot;swc_temporary&quot;:&quot;1&quot;}\" ><div class=\"swc_grid_colwrapper \" style=\"margin-right: 20px;\" ><div class=\"swc_grid_column\" style=\"\" data-grid_data=\"{&quot;swc_temporary&quot;:&quot;1&quot;}\"><div class=\"swc_text\" data-asset_type=\"swifty_text\" style=\"width: 100%; margin-top: 0px; margin-bottom: 0px; width: 100% !important; clear: both; \"  id=\"c1487078512_697157964\" ><div class=\"swc_asset_cntnt\" style=\"margin-left: auto; margin-right: auto; width: 100%; padding: 0px 0px 0px 0px; \" ><p><span style=\"color:#330000;\"><strong><span style=\"font-size:36px;\"><span style=\"font-family:Bubblegum Sans,monospace;\">Preise Camping Duinvliet<\/span><\/span><\/strong><\/span><br \/><span style=\"color:#669900;\"><span style=\"font-size:28px;\"><span style=\"font-family:Amatic SC,monospace;\"><strong>Preise Stellplatz pro Nacht\u00a0 oder arrangement\u00a0<\/strong><\/span><\/span><\/span><\/p><\/div><\/div><\/div><div class=\"swc_grid_colclose\"><\/div><\/div><\/div><div class=\"swc_grid_row \" style=\"margin-bottom: 20px; overflow-y: visible;\" data-grid_data=\"[]\" ><div class=\"swc_grid_colwrapper swc_flex_66\" style=\"margin-right: 20px;\" ><div class=\"swc_grid_column\" style=\"\" data-grid_data=\"{&quot;flex&quot;:&quot;66&quot;}\"><div class=\"swc_text\" data-asset_type=\"swifty_text\" style=\"width: 100%; margin-top: 0px; margin-bottom: 0px; width: 100% !important; clear: both; \"  id=\"c1699297675444_32257\" ><div class=\"swc_asset_cntnt\" style=\"margin-left: auto; margin-right: auto; width: 100%; padding: 0px 10px 0px 0px; \" ><p><span style=\"color:#330000;\"><span style=\"font-size:28px;\"><span style=\"font-family:Bubblegum Sans,monospace;\">Auf dem Minicamping Duinvliet ist jeder willkommen!<\/span><\/span><\/span><\/p><p><span style=\"color:#444444;\"><span style=\"font-size:18px;\"><span style=\"font-family:Nunito,sans-serif;\">Im Sommer genie\u00dfen viele Familien unseren Campingplatz, Strand und Meer. F\u00fcr viele ist dies der gro\u00dfe Urlaub, auf den sie sich ein ganzes Jahr lang freuen. In den D\u00f6rfern ist eine Vielzahl von Aktivit\u00e4ten zu beobachten.<\/span><\/span><\/span><\/p><p>&nbsp;<\/p><p><span style=\"color:#444444;\"><span style=\"font-size:18px;\"><span style=\"font-family:Nunito,sans-serif;\">Im Fr\u00fchjahr und Herbst sind es gerade die Senioren und Paare, die gerne au\u00dferhalb der Schulferien Urlaub machen und dann die Ruhe auf dem Minicampingplatz genie\u00dfen.<\/span><\/span><\/span><\/p><p><span style=\"color:#444444;\"><span style=\"font-size:18px;\"><span style=\"font-family:Nunito,sans-serif;\">Auch die Str\u00e4nde sind dann sch\u00f6n und ruhig.<\/span><\/span><\/span><\/p><\/div><\/div><\/div><div class=\"swc_grid_colclose\"><\/div><\/div><div class=\"swc_grid_colwrapper swc_flex_33\" style=\"margin-right: 20px;\" ><div class=\"swc_grid_column\" style=\"\" data-grid_data=\"{&quot;flex&quot;:&quot;33&quot;}\"><p>&nbsp;<\/p><\/div><div class=\"swc_grid_colclose\"><\/div><\/div><\/div><div class=\"swc_grid_row \" style=\"margin-bottom: 20px; overflow-y: visible;\" data-grid_data=\"[]\" ><div class=\"swc_grid_colwrapper swc_flex_100\" style=\"margin-right: 20px;\" ><div class=\"swc_grid_column\" style=\"\" data-grid_data=\"{&quot;flex&quot;:&quot;100&quot;}\"><div class=\"swc_text\" data-asset_type=\"swifty_text\" style=\"width: 100%; margin-top: 0px; margin-bottom: 0px; width: 100% !important; clear: both; \"  id=\"c1699298020274_76216\" ><div class=\"swc_asset_cntnt\" style=\"margin-left: auto; margin-right: auto; width: 100%; padding: 0px 0px 0px 0px; \" ><p style=\"text-align: center;\"><span style=\"font-size:28px;\"><span style=\"font-family:Bubblegum Sans,monospace;\"><span style=\"color:#330000;\">Welche Einrichtungen bieten die Stellpl\u00e4tze f\u00fcr Wohnwagen\/Zelt\/Anh\u00e4ngerzelt\/Wohnmobil\/Dachzelt inkl. 2 Pers<\/span>.<\/span><\/span><\/p><\/div><\/div><\/div><div class=\"swc_grid_colclose\"><\/div><\/div><\/div><div class=\"swc_grid_row \" style=\"margin-bottom: 20px; overflow-y: visible;\" data-grid_data=\"[]\" ><div class=\"swc_grid_colwrapper swc_flex_33\" style=\"margin-right: 20px;\" ><div class=\"swc_grid_column\" style=\"\" data-grid_data=\"{&quot;flex&quot;:&quot;33&quot;}\"><div class=\"swc_asset swc_asset_swifty_image swc_asset_on\" data-asset_type=\"swifty_image\" style=\"width: 100%; margin-top: 0px; margin-bottom: 0px; width: 100% !important; clear: both; \"  id=\"c1699302482035_58064\" ><div class=\"swc_asset_cntnt\" style=\"margin-left: auto; margin-right: auto; width: 100%; padding: 0px 0px 0px 0px; \" ><img swifty_src=\"https:\/\/www.minicamping-duinvliet.nl\/wp-content\/uploads\/2023\/11\/tariven-caravan1.jpg?swifty=1\" alt=\"\" class=\" swc_style_img_6\"><script>if( typeof swifty_add_exec === 'function' ) { swifty_add_exec( { 'fn': 'swifty_checkImages' } ); }<\/script><\/div><\/div><\/div><div class=\"swc_grid_colclose\"><\/div><\/div><div class=\"swc_grid_colwrapper swc_flex_66\" style=\"margin-right: 20px;\" ><div class=\"swc_grid_column\" style=\"\" data-grid_data=\"{&quot;flex&quot;:&quot;66&quot;}\"><div class=\"swc_text\" data-asset_type=\"swifty_text\" style=\"width: 100%; margin-top: 0px; margin-bottom: 0px; width: 100% !important; clear: both; \"  id=\"c1699297943155_56579\" ><div class=\"swc_asset_cntnt\" style=\"margin-left: auto; margin-right: auto; width: 100%; padding: 0px 0px 0px 0px; \" ><p><span style=\"color:#444444;\"><span style=\"font-size:18px;\"><span style=\"font-family:Nunito,sans-serif;\">\u21d2 Stromst\u00e4rke 10 Ampere<\/span><\/span><\/span><\/p><p><span style=\"color:#444444;\"><span style=\"font-size:18px;\"><span style=\"font-family:Nunito,sans-serif;\">\u21d2 Wasserhahn<\/span><\/span><\/span><\/p><p><span style=\"color:#444444;\"><span style=\"font-size:18px;\"><span style=\"font-family:Nunito,sans-serif;\">\u21d2 Kanalisationsanschluss<\/span><\/span><\/span><\/p><p><span style=\"color:#444444;\"><span style=\"font-size:18px;\"><span style=\"font-family:Nunito,sans-serif;\">\u21d2 CAI-Anschluss (begrenzte Anzahl von Stellpl\u00e4tzen, nur digitales Signal)<\/span><\/span><\/span><\/p><p><span style=\"color:#444444;\"><span style=\"font-size:18px;\"><span style=\"font-family:Nunito,sans-serif;\">\u21d2 1 Auto\u00a0 \u00a0 \u00a0 \u00a0 \u00a0 \u00a0 \u00a0 \u00a0 \u00a0 \u00a0 \u00a0 \u00a0 \u00a0<\/span><\/span><\/span><\/p><p><span style=\"color:#444444;\"><span style=\"font-size:18px;\"><span style=\"font-family:Nunito,sans-serif;\">\u21d2 kostenloses WIFI auf dem ganzen Campingplatz<\/span><\/span><\/span><\/p><p><span style=\"color:#444444;\"><span style=\"font-size:18px;\"><span style=\"font-family:Nunito,sans-serif;\">\u21d2 Sanit\u00e4re Einrichtungen (Toilettenpapier vorhanden und unbegrenzte warme Dusche)<\/span><\/span><\/span><\/p><p><span style=\"color:#444444;\"><span style=\"font-size:18px;\"><span style=\"font-family:Nunito,sans-serif;\">\u21d2 Gepflasterte Stellpl\u00e4tze ( Pflasterplatten 4 x 2,5 m, begrenzte Anzahl von Stellpl\u00e4tzen)<\/span><\/span><\/span><\/p><p><span style=\"color:#444444;\"><span style=\"font-size:18px;\"><span style=\"font-family:Nunito,sans-serif;\">\u21d2 Kostenlose Benutzung von Holzplattformen auf unbefestigten Pl\u00e4tzen\u00a0<\/span><\/span><\/span><\/p><p><span style=\"color:#444444;\"><span style=\"font-size:18px;\"><span style=\"font-family:Nunito,sans-serif;\">\u21d2 Kostenlose Nutzung des Mikrowellenofens<\/span><\/span><\/span><\/p><p><span style=\"color:#444444;\"><span style=\"font-size:18px;\"><span style=\"font-family:Nunito,sans-serif;\">\u21d2 freie Benutzung des K\u00fchlschranks mit Gefrierfach<\/span><\/span><\/span><\/p><\/div><\/div><\/div><div class=\"swc_grid_colclose\"><\/div><\/div><\/div><div class=\"swc_grid_row \" style=\"margin-bottom: 20px; overflow-y: visible;\" data-grid_data=\"[]\" ><div class=\"swc_grid_colwrapper swc_flex_50\" style=\"margin-right: 20px;\" ><div class=\"swc_grid_column\" style=\"\" data-grid_data=\"{&quot;flex&quot;:&quot;50&quot;}\"><div class=\"swc_asset swc_asset_swifty_button swc_asset_on\" data-asset_type=\"swifty_button\" style=\"width: 100%; margin-top: 0px; margin-bottom: 0px; width: 100% !important; clear: both; \"  id=\"c1699298241610_80685\" ><div class=\"swc_asset_cntnt\" style=\"margin-left: auto; margin-right: auto; width: 100%; padding: 0px 0px 0px 0px; border-color: #9c903e; border-width: 3px; border-style: solid; \" ><form action=\"https:\/\/www.minicamping-duinvliet.nl\/wp-content\/uploads\/2025\/10\/kampeerplaatsen-DU.pdf\" method=\"get\" target=\"_blank\" )>\n    <input type=\"submit\" value=\"Preisen pro nacht 2026\" style=\"width: 100%; background:#f4c099; color:#28141f;\" class=\"swc_style_btn_1\"\/>\n<\/form><\/div><\/div><\/div><div class=\"swc_grid_colclose\"><\/div><\/div><div class=\"swc_grid_colwrapper swc_flex_50\" style=\"margin-right: 20px;\" ><div class=\"swc_grid_column\" style=\"\" data-grid_data=\"{&quot;flex&quot;:&quot;50&quot;}\"><div class=\"swc_asset swc_asset_swifty_button swc_asset_on\" data-asset_type=\"swifty_button\" style=\"width: 100%; margin-top: 0px; margin-bottom: 0px; width: 100% !important; clear: both; \"  id=\"c1699298274498_26099\" ><div class=\"swc_asset_cntnt\" style=\"margin-left: auto; margin-right: auto; width: 100%; padding: 0px 0px 0px 0px; border-color: #9c903e; border-width: 3px; border-style: solid; \" ><form action=\"https:\/\/www.minicamping-duinvliet.nl\/wp-content\/uploads\/2026\/04\/arrangementen-DU-april.pdf\" method=\"get\" target=\"_blank\" )>\n    <input type=\"submit\" value=\"Preisen Arrangementen 2026\" style=\"width: 100%; background:#f4c099; color:#28141f;\" class=\"swc_style_btn_1\"\/>\n<\/form><\/div><\/div><\/div><div class=\"swc_grid_colclose\"><\/div><\/div><\/div><div class=\"swc_grid_row \" style=\"margin-bottom: 20px; overflow-y: visible;\" data-grid_data=\"[]\" ><div class=\"swc_grid_colwrapper swc_flex_66\" style=\"margin-right: 20px;\" ><div class=\"swc_grid_column\" style=\"\" data-grid_data=\"{&quot;flex&quot;:&quot;66&quot;}\"><div class=\"swc_text\" data-asset_type=\"swifty_text\" style=\"width: 100%; margin-top: 0px; margin-bottom: 0px; width: 100% !important; clear: both; \"  id=\"c1699298119443_18365\" ><div class=\"swc_asset_cntnt\" style=\"margin-left: auto; margin-right: auto; width: 100%; padding: 0px 0px 0px 0px; \" ><p><strong><span style=\"font-size:24px;\"><span style=\"color:#444444;\"><span style=\"font-family:Nunito,sans-serif;\">Zus\u00e4tzliche Kosten\u00a0<\/span><\/span><\/span><\/strong><\/p><p>&nbsp;<\/p><p><span style=\"color:#444444;\"><span style=\"font-size:18px;\"><span style=\"font-family:Nunito,sans-serif;\">Benutzung der Waschmaschine inkl. W\u00e4schepodd \u20ac 6,50<\/span><\/span><\/span><\/p><p><span style=\"color:#444444;\"><span style=\"font-size:18px;\"><span style=\"font-family:Nunito,sans-serif;\">Benutzung des Trockners \u20ac 5,50<\/span><\/span><\/span><\/p><p>&nbsp;<\/p><p><span style=\"color:#444444;\"><span style=\"font-size:18px;\"><span style=\"font-family:Nunito,sans-serif;\">Tagesg\u00e4ste sind willkommen (auf Anfrage)\u00a0 \u00a0 \u00a0<\/span><\/span><\/span><\/p><p><span style=\"color:#444444;\"><span style=\"font-size:18px;\"><span style=\"font-family:Nunito,sans-serif;\">Monate April bis September\u00a0 \u00a0 \u00a0 \u00a0 \u00a0 \u00a0 \u00a0 \u20ac 3,00\u00a0p\/p<\/span><\/span><\/span><\/p><p><span style=\"color:#444444;\"><span style=\"font-size:18px;\"><span style=\"font-family:Nunito,sans-serif;\">\u00a0 \u00a0 \u00a0 \u00a0 \u00a0 \u00a0 \u00a0 \u00a0 \u00a0 Andere Monate\u00a0 \u00a0 \u00a0 \u00a0 \u00a0 \u00a0 \u00a0 \u00a0 \u00a0 \u20ac 1,50 p\/p<\/span><\/span><\/span><\/p><p><span style=\"color:#444444;\"><span style=\"font-size:18px;\"><span style=\"font-family:Nunito,sans-serif;\">Parkplatz Auto\u00a0 \u00a0 \u00a0 \u00a0 \u00a0 \u00a0 \u00a0 \u00a0 \u00a0 \u00a0 \u00a0 \u00a0 \u00a0 \u00a0 \u00a0 \u00a0 \u00a0 \u00a0 \u00a0\u20ac 5,00 p\/d<\/span><\/span><\/span><span style=\"color:#444444;\"><span style=\"font-size:18px;\"><span style=\"font-family:Nunito,sans-serif;\">\u00a0 \u00a0 \u00a0 \u00a0 \u00a0 \u00a0 \u00a0 \u00a0 \u00a0\u00a0<\/span><\/span><\/span><\/p><p>&nbsp;<\/p><p>&nbsp;<\/p><p>&nbsp;<\/p><p><span style=\"font-size:24px;\"><strong><span style=\"color:#444444;\"><span style=\"font-family:Nunito,sans-serif;\">N\u00fctzliches zu wissen\u00a0<\/span><\/span><\/strong><\/span><\/p><p>&nbsp;<\/p><p><span style=\"color:#444444;\"><span style=\"font-size:18px;\"><span style=\"font-family:Nunito,sans-serif;\">\u21d2 Ankunftszeit ist zwischen 13.00 und 16.00 Uhr<\/span><\/span><\/span><\/p><p><span style=\"color:#444444;\"><span style=\"font-size:18px;\"><span style=\"font-family:Nunito,sans-serif;\">\u21d2 Abreisezeit ist vor 11.00 Uhr\u00a0<\/span><\/span><\/span><\/p><p><span style=\"color:#444444;\"><span style=\"font-size:18px;\"><span style=\"font-family:Nunito,sans-serif;\">\u21d2 Die Reservierung ist nach Erhalt der Anzahlung endg\u00fcltig.<\/span><\/span><\/span><\/p><p><span style=\"color:#2f4f4f;\"><span style=\"font-size:18px;\">\u21d2\u00a0vom 13.6. bis 12.9 2026 nehmen wir nur w\u00f6chentliche Buchungen von Samstag bis Samstag vor\u00a0<\/span><\/span><\/p><p>&nbsp;<\/p><p><span style=\"color:#444444;\"><span style=\"font-size:18px;\"><span style=\"font-family:Nunito,sans-serif;\">\u21d2 Die Verwendung von geschlossenen Plastik- oder Wurzelplanen im Vorzelt ist nicht erlaubt.\u00a0<\/span><\/span><\/span><\/p><p><span style=\"color:#444444;\"><span style=\"font-size:18px;\"><span style=\"font-family:Nunito,sans-serif;\">Sie d\u00fcrfen nur aerotex Zeltteppich verwenden.<\/span><\/span><\/span><\/p><p><span style=\"color:#444444;\"><span style=\"font-size:18px;\"><span style=\"font-family:Nunito,sans-serif;\">\u21d2 Bitte denken Sie an den Abschluss einer Reise- und\/oder Reiser\u00fccktrittsversicherung.\u00a0<\/span><\/span><\/span><\/p><p><span style=\"color:#444444;\"><span style=\"font-size:18px;\"><span style=\"font-family:Nunito,sans-serif;\">Es gelten die VeKaBo-Bedingungen, die Sie bei der Best\u00e4tigung erhalten.<\/span><\/span><\/span><\/p><p>&nbsp;<\/p><p><span style=\"color:#ff8c00;\"><span style=\"font-size:36px;\">Buchen fur 2027\u00a0ist m\u00f6glich ab 1. December<\/span><\/span><\/p><\/div><\/div><\/div><div class=\"swc_grid_colclose\"><\/div><\/div><div class=\"swc_grid_colwrapper swc_flex_33\" style=\"margin-right: 20px;\" ><div class=\"swc_grid_column\" style=\"\" data-grid_data=\"{&quot;flex&quot;:&quot;33&quot;}\"><p>&nbsp;<\/p><\/div><div class=\"swc_grid_colclose\"><\/div><\/div><\/div><\/div>","protected":false},"excerpt":{"rendered":"","protected":false},"author":2,"featured_media":0,"parent":0,"menu_order":14,"comment_status":"closed","ping_status":"closed","template":"","meta":{"footnotes":""},"class_list":["post-233","page","type-page","status-publish","hentry"],"yoast_head":"<!-- This site is optimized with the Yoast SEO plugin v27.1.1 - https:\/\/yoast.com\/product\/yoast-seo-wordpress\/ -->\n<title>Kosten<\/title>\n<meta name=\"robots\" content=\"noindex, nofollow\" \/>\n<meta property=\"og:locale\" content=\"de_DE\" \/>\n<meta property=\"og:type\" content=\"article\" \/>\n<meta property=\"og:title\" content=\"Kosten\" \/>\n<meta property=\"og:url\" content=\"https:\/\/www.minicamping-duinvliet.nl\/de\/kosten\/\" \/>\n<meta property=\"og:site_name\" content=\"Minicamping Duinvliet\" \/>\n<meta property=\"article:modified_time\" content=\"2026-04-01T08:39:43+00:00\" \/>\n<meta name=\"twitter:card\" content=\"summary_large_image\" \/>\n<meta name=\"twitter:label1\" content=\"Gesch\u00e4tzte Lesezeit\" \/>\n\t<meta name=\"twitter:data1\" content=\"3\u00a0Minuten\" \/>\n<script type=\"application\/ld+json\" class=\"yoast-schema-graph\">{\"@context\":\"https:\/\/schema.org\",\"@graph\":[{\"@type\":\"WebPage\",\"@id\":\"https:\/\/www.minicamping-duinvliet.nl\/de\/kosten\/\",\"url\":\"https:\/\/www.minicamping-duinvliet.nl\/de\/kosten\/\",\"name\":\"Kosten\",\"isPartOf\":{\"@id\":\"https:\/\/www.minicamping-duinvliet.nl\/#website\"},\"datePublished\":\"2017-02-14T10:05:49+00:00\",\"dateModified\":\"2026-04-01T08:39:43+00:00\",\"breadcrumb\":{\"@id\":\"https:\/\/www.minicamping-duinvliet.nl\/de\/kosten\/#breadcrumb\"},\"inLanguage\":\"de\",\"potentialAction\":[{\"@type\":\"ReadAction\",\"target\":[\"https:\/\/www.minicamping-duinvliet.nl\/de\/kosten\/\"]}]},{\"@type\":\"BreadcrumbList\",\"@id\":\"https:\/\/www.minicamping-duinvliet.nl\/de\/kosten\/#breadcrumb\",\"itemListElement\":[{\"@type\":\"ListItem\",\"position\":1,\"name\":\"Home\",\"item\":\"https:\/\/www.minicamping-duinvliet.nl\/de\/\"},{\"@type\":\"ListItem\",\"position\":2,\"name\":\"Kosten\"}]},{\"@type\":\"WebSite\",\"@id\":\"https:\/\/www.minicamping-duinvliet.nl\/#website\",\"url\":\"https:\/\/www.minicamping-duinvliet.nl\/\",\"name\":\"Minicamping Duinvliet\",\"description\":\"Rust &amp; Ruimte op loopafstand van Zee &amp; Strand\",\"potentialAction\":[{\"@type\":\"SearchAction\",\"target\":{\"@type\":\"EntryPoint\",\"urlTemplate\":\"https:\/\/www.minicamping-duinvliet.nl\/?s={search_term_string}\"},\"query-input\":{\"@type\":\"PropertyValueSpecification\",\"valueRequired\":true,\"valueName\":\"search_term_string\"}}],\"inLanguage\":\"de\"}]}<\/script>\n<!-- \/ Yoast SEO plugin. -->","yoast_head_json":{"title":"Kosten","robots":{"index":"noindex","follow":"nofollow"},"og_locale":"de_DE","og_type":"article","og_title":"Kosten","og_url":"https:\/\/www.minicamping-duinvliet.nl\/de\/kosten\/","og_site_name":"Minicamping Duinvliet","article_modified_time":"2026-04-01T08:39:43+00:00","twitter_card":"summary_large_image","twitter_misc":{"Gesch\u00e4tzte Lesezeit":"3\u00a0Minuten"},"schema":{"@context":"https:\/\/schema.org","@graph":[{"@type":"WebPage","@id":"https:\/\/www.minicamping-duinvliet.nl\/de\/kosten\/","url":"https:\/\/www.minicamping-duinvliet.nl\/de\/kosten\/","name":"Kosten","isPartOf":{"@id":"https:\/\/www.minicamping-duinvliet.nl\/#website"},"datePublished":"2017-02-14T10:05:49+00:00","dateModified":"2026-04-01T08:39:43+00:00","breadcrumb":{"@id":"https:\/\/www.minicamping-duinvliet.nl\/de\/kosten\/#breadcrumb"},"inLanguage":"de","potentialAction":[{"@type":"ReadAction","target":["https:\/\/www.minicamping-duinvliet.nl\/de\/kosten\/"]}]},{"@type":"BreadcrumbList","@id":"https:\/\/www.minicamping-duinvliet.nl\/de\/kosten\/#breadcrumb","itemListElement":[{"@type":"ListItem","position":1,"name":"Home","item":"https:\/\/www.minicamping-duinvliet.nl\/de\/"},{"@type":"ListItem","position":2,"name":"Kosten"}]},{"@type":"WebSite","@id":"https:\/\/www.minicamping-duinvliet.nl\/#website","url":"https:\/\/www.minicamping-duinvliet.nl\/","name":"Minicamping Duinvliet","description":"Rust &amp; Ruimte op loopafstand van Zee &amp; Strand","potentialAction":[{"@type":"SearchAction","target":{"@type":"EntryPoint","urlTemplate":"https:\/\/www.minicamping-duinvliet.nl\/?s={search_term_string}"},"query-input":{"@type":"PropertyValueSpecification","valueRequired":true,"valueName":"search_term_string"}}],"inLanguage":"de"}]}},"_links":{"self":[{"href":"https:\/\/www.minicamping-duinvliet.nl\/de\/wp-json\/wp\/v2\/pages\/233","targetHints":{"allow":["GET"]}}],"collection":[{"href":"https:\/\/www.minicamping-duinvliet.nl\/de\/wp-json\/wp\/v2\/pages"}],"about":[{"href":"https:\/\/www.minicamping-duinvliet.nl\/de\/wp-json\/wp\/v2\/types\/page"}],"author":[{"embeddable":true,"href":"https:\/\/www.minicamping-duinvliet.nl\/de\/wp-json\/wp\/v2\/users\/2"}],"replies":[{"embeddable":true,"href":"https:\/\/www.minicamping-duinvliet.nl\/de\/wp-json\/wp\/v2\/comments?post=233"}],"version-history":[{"count":234,"href":"https:\/\/www.minicamping-duinvliet.nl\/de\/wp-json\/wp\/v2\/pages\/233\/revisions"}],"predecessor-version":[{"id":7886,"href":"https:\/\/www.minicamping-duinvliet.nl\/de\/wp-json\/wp\/v2\/pages\/233\/revisions\/7886"}],"wp:attachment":[{"href":"https:\/\/www.minicamping-duinvliet.nl\/de\/wp-json\/wp\/v2\/media?parent=233"}],"curies":[{"name":"wp","href":"https:\/\/api.w.org\/{rel}","templated":true}]}}