{"id":224,"date":"2017-02-14T10:00:08","date_gmt":"2017-02-14T10:00:08","guid":{"rendered":"https:\/\/www.minicamping-duinvliet.nl\/?page_id=224\/"},"modified":"2023-11-06T21:06:05","modified_gmt":"2023-11-06T21:06:05","slug":"stellplaetze","status":"publish","type":"page","link":"https:\/\/www.minicamping-duinvliet.nl\/de\/stellplaetze\/","title":{"rendered":"Stellpl\u00e4tze"},"content":{"rendered":"<div class=\" swc_p_0\"><div class=\"swc_grid_row \" style=\"margin-bottom: 20px; overflow-y: visible;\" data-grid_data=\"[]\" ><div class=\"swc_grid_colwrapper \" style=\"margin-right: 20px;\" ><div class=\"swc_grid_column\" style=\"\" data-grid_data=\"[]\"><div class=\"swc_text\" data-asset_type=\"swifty_text\" style=\"width: 100%; margin-top: 0px; margin-bottom: 0px; width: 100% !important; clear: both; \"  id=\"c1483478984030_76344\" ><div class=\"swc_asset_cntnt\" style=\"margin-left: auto; margin-right: auto; width: 100%; padding: 0px 0px 0px 0px; \" ><p><span style=\"color:#330000;\"><strong><span style=\"font-size:36px;\"><span style=\"font-family:Bubblegum Sans,monospace;\">Ger\u00e4umige, ruhige und sonnige Pl\u00e4tze mit viel Privatsph\u00e4re<\/span><\/span><\/strong><\/span><br \/><span style=\"color:#669900;\"><strong><span style=\"font-size:28px;\"><span style=\"font-family:Amatic SC,monospace;\">Ruhig und beschaulich, nah an Meer und Strand<\/span><\/span><\/strong><\/span><\/p><\/div><\/div><\/div><div class=\"swc_grid_colclose\"><\/div><\/div><\/div><div class=\"swc_grid_row \" style=\"margin-bottom: 20px; overflow-y: visible;\" data-grid_data=\"[]\" ><div class=\"swc_grid_colwrapper \" style=\"margin-right: 20px;\" ><div class=\"swc_grid_column\" style=\"\" data-grid_data=\"[]\"><div class=\"swc_text\" data-asset_type=\"swifty_text\" style=\"width: 100%; margin-top: 0px; margin-bottom: 0px; width: 100% !important; clear: both; \"  id=\"c1483479152389_42313\" ><div class=\"swc_asset_cntnt\" style=\"margin-left: auto; margin-right: auto; width: 100%; padding: 0px 0px 0px 0px; \" ><p><span style=\"color:#444444;\"><span style=\"font-size:18px;\"><span style=\"font-family:Nunito,sans-serif;\">Die Stellpl\u00e4tze sind auf mehrere kleine Felder verteilt, die jeweils von einem Gr\u00fcnstreifen umgeben sind.<\/span><\/span><\/span><\/p><p><span style=\"color:#444444;\"><span style=\"font-size:18px;\"><span style=\"font-family:Nunito,sans-serif;\">Sie werden nicht von den gegen\u00fcberliegenden Nachbarn \u00fcbersehen, so dass Sie viel Privatsph\u00e4re haben!<\/span><\/span><\/span><\/p><p>&nbsp;<\/p><p><span style=\"color:#444444;\"><span style=\"font-size:18px;\"><span style=\"font-family:Nunito,sans-serif;\">Die Stellpl\u00e4tze sind ausgestattet mit:<\/span><\/span><\/span><\/p><p><span style=\"color:#444444;\"><span style=\"font-size:18px;\"><span style=\"font-family:Nunito,sans-serif;\">\u00a0\u21d2 Stromanschluss 10 Ampere<\/span><\/span><\/span><\/p><p><span style=\"color:#444444;\"><span style=\"font-size:18px;\"><span style=\"font-family:Nunito,sans-serif;\">\u00a0\u21d2 Trinkwasseranschluss auf dem Stellplatz<\/span><\/span><\/span><\/p><p><span style=\"color:#444444;\"><span style=\"font-size:18px;\"><span style=\"font-family:Nunito,sans-serif;\">\u00a0\u21d2 Abwasseranschluss auf dem Stellplatz<\/span><\/span><\/span><\/p><p><span style=\"color:#444444;\"><span style=\"font-size:18px;\"><span style=\"font-family:Nunito,sans-serif;\">\u00a0\u21d2 CAI-Anschluss (auf Anfrage)<\/span><\/span><\/span><\/p><p><span style=\"color:#444444;\"><span style=\"font-size:18px;\"><span style=\"font-family:Nunito,sans-serif;\">\u00a0\u21d2 Kostenloses WIFI auf dem gesamten Campingplatz\u00a0<\/span><\/span><\/span><\/p><p><span style=\"color:#444444;\"><span style=\"font-size:18px;\"><span style=\"font-family:Nunito,sans-serif;\">\u00a0\u21d2 Nutzung der Holzterrasse (die meisten Stellpl\u00e4tze haben einen Pflasterbelag von 4 x 2,5 m)<\/span><\/span><\/span><\/p><p><span style=\"color:#444444;\"><span style=\"font-size:18px;\"><span style=\"font-family:Nunito,sans-serif;\">\u00a0\u21d2 Nutzung der sanit\u00e4ren Anlagen\u00a0<\/span><\/span><\/span><\/p><p>&nbsp;<\/p><p><span style=\"color:#444444;\"><span style=\"font-size:18px;\"><span style=\"font-family:Nunito,sans-serif;\">Die oben genannten Leistungen sind im Preis pro \u00dcbernachtung enthalten.<\/span><\/span><\/span><\/p><p>&nbsp;<\/p><\/div><\/div><\/div><div class=\"swc_grid_colclose\"><\/div><\/div><\/div><div class=\"swc_grid_row \" style=\"margin-bottom: 20px; overflow-y: visible;\" data-grid_data=\"[]\" ><div class=\"swc_grid_colwrapper swc_flex_50\" style=\"margin-right: 20px;\" ><div class=\"swc_grid_column\" style=\"\" data-grid_data=\"{&quot;flex&quot;:&quot;50&quot;}\"><div class=\"swc_asset swc_asset_swifty_image swc_asset_on\" data-asset_type=\"swifty_image\" style=\"width: 100%; margin-top: 0px; margin-bottom: 0px; width: 100% !important; clear: both; \"  id=\"c1699301733997_12918\" ><div class=\"swc_asset_cntnt\" style=\"margin-left: auto; margin-right: auto; width: 100%; padding: 0px 0px 0px 0px; \" ><img swifty_src=\"https:\/\/www.minicamping-duinvliet.nl\/wp-content\/uploads\/2019\/02\/camper.jpg?swifty=1\" alt=\"\" class=\" swc_style_img_6\"><script>if( typeof swifty_add_exec === 'function' ) { swifty_add_exec( { 'fn': 'swifty_checkImages' } ); }<\/script><\/div><\/div><\/div><div class=\"swc_grid_colclose\"><\/div><\/div><div class=\"swc_grid_colwrapper swc_flex_50\" style=\"margin-right: 20px;\" ><div class=\"swc_grid_column\" style=\"\" data-grid_data=\"{&quot;flex&quot;:&quot;50&quot;}\"><div class=\"swc_text\" data-asset_type=\"swifty_text\" style=\"width: 100%; margin-top: 0px; margin-bottom: 0px; width: 100% !important; clear: both; \"  id=\"c1699296254972_83516\" ><div class=\"swc_asset_cntnt\" style=\"margin-left: auto; margin-right: auto; width: 100%; padding: 0px 0px 0px 0px; \" ><p><span style=\"color:#330000;\"><span style=\"font-size:28px;\"><span style=\"font-family:Bubblegum Sans,monospace;\">Feld 1\u00a0<\/span><\/span><\/span><\/p><p>&nbsp;<\/p><p><span style=\"color:#444444;\"><span style=\"font-size:18px;\"><span style=\"font-family:Nunito,sans-serif;\">Gesch\u00fctzte Stellpl\u00e4tze mit viel Privatsph\u00e4re.<\/span><\/span><\/span><\/p><p><span style=\"color:#444444;\"><span style=\"font-size:18px;\"><span style=\"font-family:Nunito,sans-serif;\">Genie\u00dfen Sie die Mittagssonne unter dem Sonnensegel.<\/span><\/span><\/span><\/p><p><span style=\"color:#444444;\"><span style=\"font-size:18px;\"><span style=\"font-family:Nunito,sans-serif;\">Wenn es zu hei\u00df wird, k\u00f6nnen Sie an der Hecke Schatten suchen.\u00a0<\/span><\/span><\/span><\/p><p>&nbsp;<\/p><p><span style=\"color:#444444;\"><span style=\"font-size:18px;\"><span style=\"font-family:Nunito,sans-serif;\">&#8211; 2 Parzellen mit je 3 gefliestem Belag\u00a0<\/span><\/span><\/span><\/p><p><span style=\"color:#444444;\"><span style=\"font-size:18px;\"><span style=\"font-family:Nunito,sans-serif;\">&#8211; 3 befestigte Stellpl\u00e4tze f\u00fcr Wohnmobile<\/span><\/span><\/span><\/p><\/div><\/div><\/div><div class=\"swc_grid_colclose\"><\/div><\/div><\/div><div class=\"swc_grid_row \" style=\"margin-bottom: 20px; overflow-y: visible;\" data-grid_data=\"[]\" ><div class=\"swc_grid_colwrapper swc_flex_50\" style=\"margin-right: 20px;\" ><div class=\"swc_grid_column\" style=\"\" data-grid_data=\"{&quot;flex&quot;:&quot;50&quot;}\"><div class=\"swc_asset swc_asset_swifty_image swc_asset_on\" data-asset_type=\"swifty_image\" style=\"width: 100%; margin-top: 0px; margin-bottom: 0px; width: 100% !important; clear: both; \"  id=\"c1699301761138_16695\" ><div class=\"swc_asset_cntnt\" style=\"margin-left: auto; margin-right: auto; width: 100%; padding: 0px 0px 0px 0px; \" ><img swifty_src=\"https:\/\/www.minicamping-duinvliet.nl\/wp-content\/uploads\/2023\/11\/IMG_2674kopie-scaled.jpg?swifty=1\" alt=\"\" class=\" swc_style_img_6\"><script>if( typeof swifty_add_exec === 'function' ) { swifty_add_exec( { 'fn': 'swifty_checkImages' } ); }<\/script><\/div><\/div><\/div><div class=\"swc_grid_colclose\"><\/div><\/div><div class=\"swc_grid_colwrapper swc_flex_50\" style=\"margin-right: 20px;\" ><div class=\"swc_grid_column\" style=\"\" data-grid_data=\"{&quot;flex&quot;:&quot;50&quot;}\"><div class=\"swc_text\" data-asset_type=\"swifty_text\" style=\"width: 100%; margin-top: 0px; margin-bottom: 0px; width: 100% !important; clear: both; \"  id=\"c1699296343012_76668\" ><div class=\"swc_asset_cntnt\" style=\"margin-left: auto; margin-right: auto; width: 100%; padding: 0px 0px 0px 0px; \" ><p><span style=\"color:#330000;\"><span style=\"font-size:28px;\"><span style=\"font-family:Bubblegum Sans,monospace;\">Feld 2\u00a0<\/span><\/span><\/span><\/p><p>&nbsp;<\/p><p><span style=\"color:#444444;\"><span style=\"font-size:18px;\"><span style=\"font-family:Nunito,sans-serif;\">Nach S\u00fcden ausgerichtete Stellpl\u00e4tze mit viel Sonne.<\/span><\/span><\/span><\/p><p><span style=\"color:#444444;\"><span style=\"font-size:18px;\"><span style=\"font-family:Nunito,sans-serif;\">Dieser Platz ist besonders f\u00fcr Familienzelte geeignet, kann aber nat\u00fcrlich auch f\u00fcr Wohnwagen und Faltanh\u00e4nger genutzt werden.<\/span><\/span><\/span><\/p><p>&nbsp;<\/p><p><span style=\"color:#444444;\"><span style=\"font-size:18px;\"><span style=\"font-family:Nunito,sans-serif;\">&#8211; 5 Stellpl\u00e4tze mit Kunstrasen\u00a0<\/span><\/span><\/span><\/p><p><span style=\"color:#444444;\"><span style=\"font-size:18px;\"><span style=\"font-family:Nunito,sans-serif;\">&#8211; 2 gepflasterte Wohnmobil-Stellpl\u00e4tze<\/span><\/span><\/span><\/p><\/div><\/div><\/div><div class=\"swc_grid_colclose\"><\/div><\/div><\/div><div class=\"swc_grid_row \" style=\"margin-bottom: 20px; overflow-y: visible;\" data-grid_data=\"[]\" ><div class=\"swc_grid_colwrapper swc_flex_50\" style=\"margin-right: 20px;\" ><div class=\"swc_grid_column\" style=\"\" data-grid_data=\"{&quot;flex&quot;:&quot;50&quot;}\"><div class=\"swc_asset swc_asset_swifty_image swc_asset_on\" data-asset_type=\"swifty_image\" style=\"width: 100%; margin-top: 0px; margin-bottom: 0px; width: 100% !important; clear: both; \"  id=\"c1699301897200_71485\" ><div class=\"swc_asset_cntnt\" style=\"margin-left: auto; margin-right: auto; width: 100%; padding: 0px 0px 0px 0px; \" ><img swifty_src=\"https:\/\/www.minicamping-duinvliet.nl\/wp-content\/uploads\/2023\/11\/home1-scaled.jpg?swifty=1\" alt=\"\" class=\"\"><script>if( typeof swifty_add_exec === 'function' ) { swifty_add_exec( { 'fn': 'swifty_checkImages' } ); }<\/script><\/div><\/div><\/div><div class=\"swc_grid_colclose\"><\/div><\/div><div class=\"swc_grid_colwrapper swc_flex_50\" style=\"margin-right: 20px;\" ><div class=\"swc_grid_column\" style=\"\" data-grid_data=\"{&quot;flex&quot;:&quot;50&quot;}\"><div class=\"swc_text\" data-asset_type=\"swifty_text\" style=\"width: 100%; margin-top: 0px; margin-bottom: 0px; width: 100% !important; clear: both; \"  id=\"c1699296483016_30004\" ><div class=\"swc_asset_cntnt\" style=\"margin-left: auto; margin-right: auto; width: 100%; padding: 0px 0px 0px 0px; \" ><p><span style=\"color:#330000;\"><span style=\"font-size:28px;\"><span style=\"font-family:Bubblegum Sans,monospace;\">Feld 3\u00a0<\/span><\/span><\/span><\/p><p>&nbsp;<\/p><p><span style=\"color:#444444;\"><span style=\"font-size:18px;\"><span style=\"font-family:Nunito,sans-serif;\">Stellpl\u00e4tze mit Blick auf unseren Spielplatz. Beliebt bei Familien mit kleinen Kindern in der Ferienzeit, au\u00dferhalb der Ferien genie\u00dft er die weite Aussicht.<\/span><\/span><\/span><\/p><p>&nbsp;<\/p><p><span style=\"color:#444444;\"><span style=\"font-size:18px;\"><span style=\"font-family:Nunito,sans-serif;\">&#8211; 4 Stellpl\u00e4tze mit gefliestem Belag\u00a0<\/span><\/span><\/span><\/p><p><span style=\"color:#444444;\"><span style=\"font-size:18px;\"><span style=\"font-family:Nunito,sans-serif;\">&#8211; 2 gepflasterte Wohnmobil-Stellpl\u00e4tze<\/span><\/span><\/span><\/p><\/div><\/div><\/div><div class=\"swc_grid_colclose\"><\/div><\/div><\/div><div class=\"swc_grid_row \" style=\"margin-bottom: 20px; overflow-y: visible;\" data-grid_data=\"[]\" ><div class=\"swc_grid_colwrapper swc_flex_50\" style=\"margin-right: 20px;\" ><div class=\"swc_grid_column\" style=\"\" data-grid_data=\"{&quot;flex&quot;:&quot;50&quot;}\"><div class=\"swc_asset swc_asset_swifty_image swc_asset_on\" data-asset_type=\"swifty_image\" style=\"width: 100%; margin-top: 0px; margin-bottom: 0px; width: 100% !important; clear: both; \"  id=\"c1699301836520_92225\" ><div class=\"swc_asset_cntnt\" style=\"margin-left: auto; margin-right: auto; width: 100%; padding: 0px 0px 0px 0px; \" ><img swifty_src=\"https:\/\/www.minicamping-duinvliet.nl\/wp-content\/uploads\/2019\/02\/20180505_142553.jpg?swifty=1\" alt=\"\" class=\"\"><script>if( typeof swifty_add_exec === 'function' ) { swifty_add_exec( { 'fn': 'swifty_checkImages' } ); }<\/script><\/div><\/div><\/div><div class=\"swc_grid_colclose\"><\/div><\/div><div class=\"swc_grid_colwrapper swc_flex_50\" style=\"margin-right: 20px;\" ><div class=\"swc_grid_column\" style=\"\" data-grid_data=\"{&quot;flex&quot;:&quot;50&quot;}\"><div class=\"swc_text\" data-asset_type=\"swifty_text\" style=\"width: 100%; margin-top: 0px; margin-bottom: 0px; width: 100% !important; clear: both; \"  id=\"c1699296601076_81263\" ><div class=\"swc_asset_cntnt\" style=\"margin-left: auto; margin-right: auto; width: 100%; padding: 0px 0px 0px 0px; \" ><p><span style=\"color:#330000;\"><span style=\"font-size:28px;\"><span style=\"font-family:Bubblegum Sans,monospace;\">Feld 4\u00a0<\/span><\/span><\/span><\/p><p>&nbsp;<\/p><p><span style=\"color:#444444;\"><span style=\"font-size:18px;\"><span style=\"font-family:Nunito,sans-serif;\">Gesch\u00fctzte Stellpl\u00e4tze mit viel Privatsph\u00e4re, Fr\u00fchst\u00fcck in der Morgensonne unter dem Vorzelt\u00a0<\/span><\/span><\/span><\/p><p>&nbsp;<\/p><p><span style=\"color:#444444;\"><span style=\"font-size:18px;\"><span style=\"font-family:Nunito,sans-serif;\">&#8211; 3 Parzellen mit je 2 gepflasterten Stellpl\u00e4tzen\u00a0<\/span><\/span><\/span><\/p><p><span style=\"color:#444444;\"><span style=\"font-size:18px;\"><span style=\"font-family:Nunito,sans-serif;\">&#8211; 2 gepflasterte Wohnmobil-Stellpl\u00e4tze<\/span><\/span><\/span><\/p><\/div><\/div><\/div><div class=\"swc_grid_colclose\"><\/div><\/div><\/div><\/div>","protected":false},"excerpt":{"rendered":"","protected":false},"author":2,"featured_media":0,"parent":0,"menu_order":8,"comment_status":"closed","ping_status":"closed","template":"","meta":{"footnotes":""},"class_list":["post-224","page","type-page","status-publish","hentry"],"yoast_head":"<!-- This site is optimized with the Yoast SEO plugin v27.1.1 - https:\/\/yoast.com\/product\/yoast-seo-wordpress\/ -->\n<title>Stellpl\u00e4tze<\/title>\n<meta name=\"robots\" content=\"index, follow, max-snippet:-1, max-image-preview:large, max-video-preview:-1\" \/>\n<link rel=\"canonical\" href=\"https:\/\/www.minicamping-duinvliet.nl\/de\/stellplaetze\/\" \/>\n<meta property=\"og:locale\" content=\"de_DE\" \/>\n<meta property=\"og:type\" content=\"article\" \/>\n<meta property=\"og:title\" content=\"Stellpl\u00e4tze\" \/>\n<meta property=\"og:url\" content=\"https:\/\/www.minicamping-duinvliet.nl\/de\/stellplaetze\/\" \/>\n<meta property=\"og:site_name\" content=\"Minicamping Duinvliet\" \/>\n<meta property=\"article:modified_time\" content=\"2023-11-06T21:06:05+00:00\" \/>\n<meta name=\"twitter:card\" content=\"summary_large_image\" \/>\n<meta name=\"twitter:label1\" content=\"Gesch\u00e4tzte Lesezeit\" \/>\n\t<meta name=\"twitter:data1\" content=\"3\u00a0Minuten\" \/>\n<script type=\"application\/ld+json\" class=\"yoast-schema-graph\">{\"@context\":\"https:\/\/schema.org\",\"@graph\":[{\"@type\":\"WebPage\",\"@id\":\"https:\/\/www.minicamping-duinvliet.nl\/de\/stellplaetze\/\",\"url\":\"https:\/\/www.minicamping-duinvliet.nl\/de\/stellplaetze\/\",\"name\":\"Stellpl\u00e4tze\",\"isPartOf\":{\"@id\":\"https:\/\/www.minicamping-duinvliet.nl\/#website\"},\"datePublished\":\"2017-02-14T10:00:08+00:00\",\"dateModified\":\"2023-11-06T21:06:05+00:00\",\"breadcrumb\":{\"@id\":\"https:\/\/www.minicamping-duinvliet.nl\/de\/stellplaetze\/#breadcrumb\"},\"inLanguage\":\"de\",\"potentialAction\":[{\"@type\":\"ReadAction\",\"target\":[\"https:\/\/www.minicamping-duinvliet.nl\/de\/stellplaetze\/\"]}]},{\"@type\":\"BreadcrumbList\",\"@id\":\"https:\/\/www.minicamping-duinvliet.nl\/de\/stellplaetze\/#breadcrumb\",\"itemListElement\":[{\"@type\":\"ListItem\",\"position\":1,\"name\":\"Home\",\"item\":\"https:\/\/www.minicamping-duinvliet.nl\/de\/\"},{\"@type\":\"ListItem\",\"position\":2,\"name\":\"Stellpl\u00e4tze\"}]},{\"@type\":\"WebSite\",\"@id\":\"https:\/\/www.minicamping-duinvliet.nl\/#website\",\"url\":\"https:\/\/www.minicamping-duinvliet.nl\/\",\"name\":\"Minicamping Duinvliet\",\"description\":\"Rust &amp; Ruimte op loopafstand van Zee &amp; Strand\",\"potentialAction\":[{\"@type\":\"SearchAction\",\"target\":{\"@type\":\"EntryPoint\",\"urlTemplate\":\"https:\/\/www.minicamping-duinvliet.nl\/?s={search_term_string}\"},\"query-input\":{\"@type\":\"PropertyValueSpecification\",\"valueRequired\":true,\"valueName\":\"search_term_string\"}}],\"inLanguage\":\"de\"}]}<\/script>\n<!-- \/ Yoast SEO plugin. -->","yoast_head_json":{"title":"Stellpl\u00e4tze","robots":{"index":"index","follow":"follow","max-snippet":"max-snippet:-1","max-image-preview":"max-image-preview:large","max-video-preview":"max-video-preview:-1"},"canonical":"https:\/\/www.minicamping-duinvliet.nl\/de\/stellplaetze\/","og_locale":"de_DE","og_type":"article","og_title":"Stellpl\u00e4tze","og_url":"https:\/\/www.minicamping-duinvliet.nl\/de\/stellplaetze\/","og_site_name":"Minicamping Duinvliet","article_modified_time":"2023-11-06T21:06:05+00:00","twitter_card":"summary_large_image","twitter_misc":{"Gesch\u00e4tzte Lesezeit":"3\u00a0Minuten"},"schema":{"@context":"https:\/\/schema.org","@graph":[{"@type":"WebPage","@id":"https:\/\/www.minicamping-duinvliet.nl\/de\/stellplaetze\/","url":"https:\/\/www.minicamping-duinvliet.nl\/de\/stellplaetze\/","name":"Stellpl\u00e4tze","isPartOf":{"@id":"https:\/\/www.minicamping-duinvliet.nl\/#website"},"datePublished":"2017-02-14T10:00:08+00:00","dateModified":"2023-11-06T21:06:05+00:00","breadcrumb":{"@id":"https:\/\/www.minicamping-duinvliet.nl\/de\/stellplaetze\/#breadcrumb"},"inLanguage":"de","potentialAction":[{"@type":"ReadAction","target":["https:\/\/www.minicamping-duinvliet.nl\/de\/stellplaetze\/"]}]},{"@type":"BreadcrumbList","@id":"https:\/\/www.minicamping-duinvliet.nl\/de\/stellplaetze\/#breadcrumb","itemListElement":[{"@type":"ListItem","position":1,"name":"Home","item":"https:\/\/www.minicamping-duinvliet.nl\/de\/"},{"@type":"ListItem","position":2,"name":"Stellpl\u00e4tze"}]},{"@type":"WebSite","@id":"https:\/\/www.minicamping-duinvliet.nl\/#website","url":"https:\/\/www.minicamping-duinvliet.nl\/","name":"Minicamping Duinvliet","description":"Rust &amp; Ruimte op loopafstand van Zee &amp; Strand","potentialAction":[{"@type":"SearchAction","target":{"@type":"EntryPoint","urlTemplate":"https:\/\/www.minicamping-duinvliet.nl\/?s={search_term_string}"},"query-input":{"@type":"PropertyValueSpecification","valueRequired":true,"valueName":"search_term_string"}}],"inLanguage":"de"}]}},"_links":{"self":[{"href":"https:\/\/www.minicamping-duinvliet.nl\/de\/wp-json\/wp\/v2\/pages\/224","targetHints":{"allow":["GET"]}}],"collection":[{"href":"https:\/\/www.minicamping-duinvliet.nl\/de\/wp-json\/wp\/v2\/pages"}],"about":[{"href":"https:\/\/www.minicamping-duinvliet.nl\/de\/wp-json\/wp\/v2\/types\/page"}],"author":[{"embeddable":true,"href":"https:\/\/www.minicamping-duinvliet.nl\/de\/wp-json\/wp\/v2\/users\/2"}],"replies":[{"embeddable":true,"href":"https:\/\/www.minicamping-duinvliet.nl\/de\/wp-json\/wp\/v2\/comments?post=224"}],"version-history":[{"count":10,"href":"https:\/\/www.minicamping-duinvliet.nl\/de\/wp-json\/wp\/v2\/pages\/224\/revisions"}],"predecessor-version":[{"id":4275,"href":"https:\/\/www.minicamping-duinvliet.nl\/de\/wp-json\/wp\/v2\/pages\/224\/revisions\/4275"}],"wp:attachment":[{"href":"https:\/\/www.minicamping-duinvliet.nl\/de\/wp-json\/wp\/v2\/media?parent=224"}],"curies":[{"name":"wp","href":"https:\/\/api.w.org\/{rel}","templated":true}]}}